{"id":30499,"date":"2026-03-27T03:51:55","date_gmt":"2026-03-26T16:51:55","guid":{"rendered":"https:\/\/www.nowbookit.com\/integrations\/integrez-avec-hubspot\/"},"modified":"2026-03-27T03:51:57","modified_gmt":"2026-03-26T16:51:57","slug":"integrez-avec-hubspot","status":"publish","type":"page","link":"https:\/\/www.nowbookit.com\/fr-ca\/integrations\/integrez-avec-hubspot\/","title":{"rendered":"Int\u00e9grez avec Hubspot"},"content":{"rendered":"\t\t<div data-elementor-type=\"wp-page\" data-elementor-id=\"30499\" class=\"elementor elementor-30499 elementor-21044\" data-elementor-post-type=\"page\">\n\t\t\t\t<div class=\"elementor-element elementor-element-1b92a65a e-con-full e-flex e-con e-parent\" data-id=\"1b92a65a\" data-element_type=\"container\" data-e-type=\"container\" data-settings=\"{&quot;background_background&quot;:&quot;classic&quot;}\">\n\t\t<div class=\"elementor-element elementor-element-7cb5cdaa e-flex e-con-boxed e-con e-child\" data-id=\"7cb5cdaa\" data-element_type=\"container\" data-e-type=\"container\">\n\t\t\t\t\t<div class=\"e-con-inner\">\n\t\t<div class=\"elementor-element elementor-element-12f1ef64 e-con-full e-flex e-con e-child\" data-id=\"12f1ef64\" data-element_type=\"container\" data-e-type=\"container\">\n\t\t\t\t<div class=\"elementor-element elementor-element-4d3cc660 elementor-widget elementor-widget-heading\" data-id=\"4d3cc660\" data-element_type=\"widget\" data-e-type=\"widget\" data-widget_type=\"heading.default\">\n\t\t\t\t\t<h2 class=\"elementor-heading-title elementor-size-default\">Marketing &amp; croissance<\/h2>\t\t\t\t<\/div>\n\t\t\t\t<div class=\"elementor-element elementor-element-6abc1ff5 elementor-position-left elementor-vertical-align-middle elementor-widget elementor-widget-image-box\" data-id=\"6abc1ff5\" data-element_type=\"widget\" data-e-type=\"widget\" data-widget_type=\"image-box.default\">\n\t\t\t\t\t<div class=\"elementor-image-box-wrapper\"><figure class=\"elementor-image-box-img\"><img decoding=\"async\" width=\"60\" height=\"60\" src=\"https:\/\/www.nowbookit.com\/wp-content\/uploads\/2024\/12\/hubspot_detail_img.png\" class=\"attachment-full size-full wp-image-30500\" alt=\"Hubspot_detail_img\" \/><\/figure><div class=\"elementor-image-box-content\"><h3 class=\"elementor-image-box-title\">Hubspot<\/h3><\/div><\/div>\t\t\t\t<\/div>\n\t\t\t\t<div class=\"elementor-element elementor-element-166c0f9c elementor-widget elementor-widget-text-editor\" data-id=\"166c0f9c\" data-element_type=\"widget\" data-e-type=\"widget\" data-widget_type=\"text-editor.default\">\n\t\t\t\t\t\t\t\t\t<p>Maintenant, Book It et Hubspot s\u2019int\u00e8grent pour aider votre lieu \u00e0 rationaliser les op\u00e9rations, g\u00e9n\u00e9rer plus de revenus et cr\u00e9er de meilleures exp\u00e9riences.<\/p>\t\t\t\t\t\t\t\t<\/div>\n\t\t\t\t<\/div>\n\t\t<div class=\"elementor-element elementor-element-f325369 e-con-full e-flex e-con e-child\" data-id=\"f325369\" data-element_type=\"container\" data-e-type=\"container\">\n\t\t\t\t<div class=\"elementor-element elementor-element-455fbe46 elementor-widget__width-inherit elementor-widget elementor-widget-image\" data-id=\"455fbe46\" data-element_type=\"widget\" data-e-type=\"widget\" data-widget_type=\"image.default\">\n\t\t\t\t\t\t\t\t\t\t\t\t\t\t\t<img fetchpriority=\"high\" decoding=\"async\" width=\"588\" height=\"492\" src=\"https:\/\/www.nowbookit.com\/wp-content\/uploads\/2024\/12\/integrations_layout.webp\" class=\"attachment-full size-full wp-image-30423\" alt=\"integrations_layout\" srcset=\"https:\/\/www.nowbookit.com\/wp-content\/uploads\/2024\/12\/integrations_layout.webp 588w, https:\/\/www.nowbookit.com\/wp-content\/uploads\/2024\/12\/integrations_layout-300x251.webp 300w, https:\/\/www.nowbookit.com\/wp-content\/uploads\/2024\/12\/integrations_layout-85x70.webp 85w, https:\/\/www.nowbookit.com\/wp-content\/uploads\/2024\/12\/integrations_layout-240x200.webp 240w\" sizes=\"(max-width: 588px) 100vw, 588px\" \/>\t\t\t\t\t\t\t\t\t\t\t\t\t\t\t<\/div>\n\t\t\t\t<\/div>\n\t\t\t\t\t<\/div>\n\t\t\t\t<\/div>\n\t\t\t\t<\/div>\n\t\t<div class=\"elementor-element elementor-element-6f71824f e-flex e-con-boxed e-con e-parent\" data-id=\"6f71824f\" data-element_type=\"container\" data-e-type=\"container\">\n\t\t\t\t\t<div class=\"e-con-inner\">\n\t\t\t\t<div class=\"elementor-element elementor-element-3db99a9e elementor-widget elementor-widget-heading\" data-id=\"3db99a9e\" data-element_type=\"widget\" data-e-type=\"widget\" data-widget_type=\"heading.default\">\n\t\t\t\t\t<h1 class=\"elementor-heading-title elementor-size-default\">Avantages d\u2019int\u00e9grer Now Call It avec Hubspot<\/h1>\t\t\t\t<\/div>\n\t\t\t\t\t<\/div>\n\t\t\t\t<\/div>\n\t\t<div class=\"elementor-element elementor-element-42097295 e-flex e-con-boxed e-con e-parent\" data-id=\"42097295\" data-element_type=\"container\" data-e-type=\"container\">\n\t\t\t\t\t<div class=\"e-con-inner\">\n\t\t<div class=\"elementor-element elementor-element-78560316 e-con-full e-flex e-con e-child\" data-id=\"78560316\" data-element_type=\"container\" data-e-type=\"container\">\n\t\t\t\t<div class=\"elementor-element elementor-element-1d61152d elementor-widget elementor-widget-image\" data-id=\"1d61152d\" data-element_type=\"widget\" data-e-type=\"widget\" data-widget_type=\"image.default\">\n\t\t\t\t\t\t\t\t\t\t\t\t\t\t\t<img decoding=\"async\" width=\"1200\" height=\"800\" src=\"https:\/\/www.nowbookit.com\/wp-content\/uploads\/2024\/11\/restaurant_booking_trends_1x.webp\" class=\"attachment-full size-full wp-image-29694\" alt=\"Les consommateurs disent qu\u2019ils sont susceptibles de r\u00e9server un restaurant en se basant sur des avis positifs en ligne\" srcset=\"https:\/\/www.nowbookit.com\/wp-content\/uploads\/2024\/11\/restaurant_booking_trends_1x.webp 1200w, https:\/\/www.nowbookit.com\/wp-content\/uploads\/2024\/11\/restaurant_booking_trends_1x-300x200.webp 300w, https:\/\/www.nowbookit.com\/wp-content\/uploads\/2024\/11\/restaurant_booking_trends_1x-1024x683.webp 1024w, https:\/\/www.nowbookit.com\/wp-content\/uploads\/2024\/11\/restaurant_booking_trends_1x-768x512.webp 768w\" sizes=\"(max-width: 1200px) 100vw, 1200px\" \/>\t\t\t\t\t\t\t\t\t\t\t\t\t\t\t<\/div>\n\t\t\t\t<\/div>\n\t\t<div class=\"elementor-element elementor-element-6bc82c88 e-con-full e-flex e-con e-child\" data-id=\"6bc82c88\" data-element_type=\"container\" data-e-type=\"container\">\n\t\t\t\t<div class=\"elementor-element elementor-element-10c8e75c custom_icon elementor-icon-list--layout-traditional elementor-list-item-link-full_width elementor-widget elementor-widget-icon-list\" data-id=\"10c8e75c\" data-element_type=\"widget\" data-e-type=\"widget\" data-widget_type=\"icon-list.default\">\n\t\t\t\t\t\t\t<ul class=\"elementor-icon-list-items\">\n\t\t\t\t\t\t\t<li class=\"elementor-icon-list-item\">\n\t\t\t\t\t\t\t\t\t\t<span class=\"elementor-icon-list-text\">Comprenez comment les clients r\u00e9servent <br>affiner les strat\u00e9gies<\/span>\n\t\t\t\t\t\t\t\t\t<\/li>\n\t\t\t\t\t\t\t\t<li class=\"elementor-icon-list-item\">\n\t\t\t\t\t\t\t\t\t\t<span class=\"elementor-icon-list-text\">Engagez et faites du marketing aupr\u00e8s de vos clients <br>Avec des outils d\u2019intelligence d\u2019affaires.  <\/span>\n\t\t\t\t\t\t\t\t\t<\/li>\n\t\t\t\t\t\t<\/ul>\n\t\t\t\t\t\t<\/div>\n\t\t\t\t<div class=\"elementor-element elementor-element-27f80e11 elementor-widget elementor-widget-text-editor\" data-id=\"27f80e11\" data-element_type=\"widget\" data-e-type=\"widget\" data-widget_type=\"text-editor.default\">\n\t\t\t\t\t\t\t\t\t<p><a href=\"https:\/\/www.hubspot.com\/\">Plus d\u2019informations sur Hubspot<\/a><\/p>\t\t\t\t\t\t\t\t<\/div>\n\t\t\t\t<\/div>\n\t\t\t\t\t<\/div>\n\t\t\t\t<\/div>\n\t\t<div class=\"elementor-element elementor-element-21c0360c e-flex e-con-boxed e-con e-parent\" data-id=\"21c0360c\" data-element_type=\"container\" data-e-type=\"container\">\n\t\t\t\t\t<div class=\"e-con-inner\">\n\t\t\t\t<div class=\"elementor-element elementor-element-5a2f6b85 elementor-widget elementor-widget-heading\" data-id=\"5a2f6b85\" data-element_type=\"widget\" data-e-type=\"widget\" data-widget_type=\"heading.default\">\n\t\t\t\t\t<h3 class=\"elementor-heading-title elementor-size-default\">Rassemblez vos outils de gestion de restaurant<\/h3>\t\t\t\t<\/div>\n\t\t\t\t<div class=\"elementor-element elementor-element-13db878e elementor-widget elementor-widget-text-editor\" data-id=\"13db878e\" data-element_type=\"widget\" data-e-type=\"widget\" data-widget_type=\"text-editor.default\">\n\t\t\t\t\t\t\t\t\t<p>Am\u00e9liorez l\u2019efficacit\u00e9 et les op\u00e9rations en g\u00e9rant votre restaurant avec des int\u00e9grations fluides. Toutes vos r\u00e9servations et commandes, au m\u00eame endroit. <\/p>\t\t\t\t\t\t\t\t<\/div>\n\t\t\t\t<div class=\"elementor-element elementor-element-54dcc0f2 elementor-align-left elementor-widget elementor-widget-button\" data-id=\"54dcc0f2\" data-element_type=\"widget\" data-e-type=\"widget\" data-widget_type=\"button.default\">\n\t\t\t\t\t\t\t\t\t\t<a class=\"elementor-button elementor-button-link elementor-size-sm\" href=\"https:\/\/www.nowbookit.com\/fr-ca\/contacte-nous\/\">\n\t\t\t\t\t\t<span class=\"elementor-button-content-wrapper\">\n\t\t\t\t\t\t\t\t\t<span class=\"elementor-button-text\">Contactez-nous<\/span>\n\t\t\t\t\t<\/span>\n\t\t\t\t\t<\/a>\n\t\t\t\t\t\t\t\t<\/div>\n\t\t\t\t<div class=\"elementor-element elementor-element-2bb7d89 elementor-widget elementor-widget-text-editor\" data-id=\"2bb7d89\" data-element_type=\"widget\" data-e-type=\"widget\" data-widget_type=\"text-editor.default\">\n\t\t\t\t\t\t\t\t\t<p><a href=\"https:\/\/www.nowbookit.com\/fr-ca\/integrations\/\"><span style=\"text-decoration: underline;\">Retour \u00e0 toutes les int\u00e9grations<\/span><\/a><\/p>\t\t\t\t\t\t\t\t<\/div>\n\t\t\t\t\t<\/div>\n\t\t\t\t<\/div>\n\t\t<div class=\"elementor-element elementor-element-25ecdf10 e-flex e-con-boxed e-con e-parent\" data-id=\"25ecdf10\" data-element_type=\"container\" data-e-type=\"container\" data-settings=\"{&quot;background_background&quot;:&quot;classic&quot;}\">\n\t\t\t\t\t<div class=\"e-con-inner\">\n\t\t\t\t<div class=\"elementor-element elementor-element-55ebde27 elementor-widget elementor-widget-heading\" data-id=\"55ebde27\" data-element_type=\"widget\" data-e-type=\"widget\" data-widget_type=\"heading.default\">\n\t\t\t\t\t<h2 class=\"elementor-heading-title elementor-size-default\">Commencez avec la plateforme de r\u00e9servation<br> \u00c7a grandit avec toi.<\/h2>\t\t\t\t<\/div>\n\t\t<div class=\"elementor-element elementor-element-34ce3c99 e-flex e-con-boxed e-con e-child\" data-id=\"34ce3c99\" data-element_type=\"container\" data-e-type=\"container\">\n\t\t\t\t\t<div class=\"e-con-inner\">\n\t\t\t\t<div class=\"elementor-element elementor-element-4fcafc13 hs-cta-trigger-button hs-cta-trigger-button-159713391873 elementor-widget elementor-widget-button\" data-id=\"4fcafc13\" data-element_type=\"widget\" data-e-type=\"widget\" data-widget_type=\"button.default\">\n\t\t\t\t\t\t\t\t\t\t<a class=\"elementor-button elementor-size-sm\" role=\"button\">\n\t\t\t\t\t\t<span class=\"elementor-button-content-wrapper\">\n\t\t\t\t\t\t\t\t\t<span class=\"elementor-button-text\">R\u00e9servez une d\u00e9mo<\/span>\n\t\t\t\t\t<\/span>\n\t\t\t\t\t<\/a>\n\t\t\t\t\t\t\t\t<\/div>\n\t\t\t\t\t<\/div>\n\t\t\t\t<\/div>\n\t\t\t\t\t<\/div>\n\t\t\t\t<\/div>\n\t\t\t\t<\/div>\n\t\t","protected":false},"excerpt":{"rendered":"<p>Marketing &amp; croissance Hubspot Maintenant, Book It et Hubspot s\u2019int\u00e8grent pour aider votre lieu \u00e0 rationaliser les op\u00e9rations, g\u00e9n\u00e9rer plus de revenus et cr\u00e9er de meilleures exp\u00e9riences. Avantages d\u2019int\u00e9grer Now Call It avec Hubspot Comprenez comment les clients r\u00e9servent affiner les strat\u00e9gies Engagez et faites du marketing aupr\u00e8s de vos clients Avec des outils d\u2019intelligence [&hellip;]<\/p>\n","protected":false},"author":19,"featured_media":0,"parent":29490,"menu_order":0,"comment_status":"closed","ping_status":"closed","template":"elementor_header_footer","meta":{"content-type":"","inline_featured_image":false,"footnotes":""},"class_list":["post-30499","page","type-page","status-publish","hentry","no-post-thumbnail"],"yoast_head":"<!-- This site is optimized with the Yoast SEO plugin v27.3 - https:\/\/yoast.com\/product\/yoast-seo-wordpress\/ -->\n<title>Int\u00e9grez avec Hubspot - Now Book It<\/title>\n<meta name=\"description\" content=\"Maintenant, Book It et Hubspot s\u2019int\u00e8gre pour aider votre lieu \u00e0 rationaliser les op\u00e9rations, g\u00e9n\u00e9rer plus de revenus et cr\u00e9er de meilleures exp\u00e9riences.\" \/>\n<meta name=\"robots\" content=\"index, follow, max-snippet:-1, max-image-preview:large, max-video-preview:-1\" \/>\n<link rel=\"canonical\" href=\"https:\/\/www.nowbookit.com\/fr-ca\/integrations\/integrez-avec-hubspot\/\" \/>\n<meta property=\"og:locale\" content=\"fr_CA\" \/>\n<meta property=\"og:type\" content=\"article\" \/>\n<meta property=\"og:title\" content=\"Int\u00e9grez avec Hubspot - Now Book It\" \/>\n<meta property=\"og:description\" content=\"Maintenant, Book It et Hubspot s\u2019int\u00e8gre pour aider votre lieu \u00e0 rationaliser les op\u00e9rations, g\u00e9n\u00e9rer plus de revenus et cr\u00e9er de meilleures exp\u00e9riences.\" \/>\n<meta property=\"og:url\" content=\"https:\/\/www.nowbookit.com\/fr-ca\/integrations\/integrez-avec-hubspot\/\" \/>\n<meta property=\"og:site_name\" content=\"Now Book It\" \/>\n<meta property=\"article:publisher\" content=\"https:\/\/www.facebook.com\/nowbookitNBI\/\" \/>\n<meta property=\"article:modified_time\" content=\"2026-03-26T16:51:57+00:00\" \/>\n<meta property=\"og:image\" content=\"https:\/\/www.nowbookit.com\/wp-content\/uploads\/2024\/12\/hubspot_detail_img.png\" \/>\n\t<meta property=\"og:image:width\" content=\"60\" \/>\n\t<meta property=\"og:image:height\" content=\"60\" \/>\n\t<meta property=\"og:image:type\" content=\"image\/png\" \/>\n<meta name=\"twitter:card\" content=\"summary_large_image\" \/>\n<meta name=\"twitter:label1\" content=\"Estimation du temps de lecture\" \/>\n\t<meta name=\"twitter:data1\" content=\"1 minute\" \/>\n<script type=\"application\/ld+json\" class=\"yoast-schema-graph\">{\"@context\":\"https:\\\/\\\/schema.org\",\"@graph\":[{\"@type\":\"WebPage\",\"@id\":\"https:\\\/\\\/www.nowbookit.com\\\/fr-ca\\\/integrations\\\/integrez-avec-hubspot\\\/\",\"url\":\"https:\\\/\\\/www.nowbookit.com\\\/fr-ca\\\/integrations\\\/integrez-avec-hubspot\\\/\",\"name\":\"Int\u00e9grez avec Hubspot - Now Book It\",\"isPartOf\":{\"@id\":\"https:\\\/\\\/www.nowbookit.com\\\/#website\"},\"primaryImageOfPage\":{\"@id\":\"https:\\\/\\\/www.nowbookit.com\\\/fr-ca\\\/integrations\\\/integrez-avec-hubspot\\\/#primaryimage\"},\"image\":{\"@id\":\"https:\\\/\\\/www.nowbookit.com\\\/fr-ca\\\/integrations\\\/integrez-avec-hubspot\\\/#primaryimage\"},\"thumbnailUrl\":\"https:\\\/\\\/www.nowbookit.com\\\/wp-content\\\/uploads\\\/2024\\\/12\\\/hubspot_detail_img.png\",\"datePublished\":\"2026-03-26T16:51:55+00:00\",\"dateModified\":\"2026-03-26T16:51:57+00:00\",\"description\":\"Maintenant, Book It et Hubspot s\u2019int\u00e8gre pour aider votre lieu \u00e0 rationaliser les op\u00e9rations, g\u00e9n\u00e9rer plus de revenus et cr\u00e9er de meilleures exp\u00e9riences.\",\"breadcrumb\":{\"@id\":\"https:\\\/\\\/www.nowbookit.com\\\/fr-ca\\\/integrations\\\/integrez-avec-hubspot\\\/#breadcrumb\"},\"inLanguage\":\"fr-CA\",\"potentialAction\":[{\"@type\":\"ReadAction\",\"target\":[\"https:\\\/\\\/www.nowbookit.com\\\/fr-ca\\\/integrations\\\/integrez-avec-hubspot\\\/\"]}]},{\"@type\":\"ImageObject\",\"inLanguage\":\"fr-CA\",\"@id\":\"https:\\\/\\\/www.nowbookit.com\\\/fr-ca\\\/integrations\\\/integrez-avec-hubspot\\\/#primaryimage\",\"url\":\"https:\\\/\\\/www.nowbookit.com\\\/wp-content\\\/uploads\\\/2024\\\/12\\\/hubspot_detail_img.png\",\"contentUrl\":\"https:\\\/\\\/www.nowbookit.com\\\/wp-content\\\/uploads\\\/2024\\\/12\\\/hubspot_detail_img.png\"},{\"@type\":\"BreadcrumbList\",\"@id\":\"https:\\\/\\\/www.nowbookit.com\\\/fr-ca\\\/integrations\\\/integrez-avec-hubspot\\\/#breadcrumb\",\"itemListElement\":[{\"@type\":\"ListItem\",\"position\":1,\"name\":\"Home\",\"item\":\"https:\\\/\\\/www.nowbookit.com\\\/\"},{\"@type\":\"ListItem\",\"position\":2,\"name\":\"Int\u00e9grations\",\"item\":\"https:\\\/\\\/www.nowbookit.com\\\/fr-ca\\\/integrations\\\/\"},{\"@type\":\"ListItem\",\"position\":3,\"name\":\"Int\u00e9grez avec Hubspot\"}]},{\"@type\":\"WebSite\",\"@id\":\"https:\\\/\\\/www.nowbookit.com\\\/#website\",\"url\":\"https:\\\/\\\/www.nowbookit.com\\\/\",\"name\":\"Now Book It\",\"description\":\"Restaurant Reservations and Table Bookings Made Easy\",\"publisher\":{\"@id\":\"https:\\\/\\\/www.nowbookit.com\\\/#organization\"},\"potentialAction\":[{\"@type\":\"SearchAction\",\"target\":{\"@type\":\"EntryPoint\",\"urlTemplate\":\"https:\\\/\\\/www.nowbookit.com\\\/?s={search_term_string}\"},\"query-input\":{\"@type\":\"PropertyValueSpecification\",\"valueRequired\":true,\"valueName\":\"search_term_string\"}}],\"inLanguage\":\"fr-CA\"},{\"@type\":\"Organization\",\"@id\":\"https:\\\/\\\/www.nowbookit.com\\\/#organization\",\"name\":\"Now Book It\",\"url\":\"https:\\\/\\\/www.nowbookit.com\\\/\",\"logo\":{\"@type\":\"ImageObject\",\"inLanguage\":\"fr-CA\",\"@id\":\"https:\\\/\\\/www.nowbookit.com\\\/#\\\/schema\\\/logo\\\/image\\\/\",\"url\":\"https:\\\/\\\/www.nowbookit.com\\\/wp-content\\\/uploads\\\/2022\\\/09\\\/Now-Book-It-Logo-Full-Colour-Horizontal-1.png\",\"contentUrl\":\"https:\\\/\\\/www.nowbookit.com\\\/wp-content\\\/uploads\\\/2022\\\/09\\\/Now-Book-It-Logo-Full-Colour-Horizontal-1.png\",\"width\":500,\"height\":143,\"caption\":\"Now Book It\"},\"image\":{\"@id\":\"https:\\\/\\\/www.nowbookit.com\\\/#\\\/schema\\\/logo\\\/image\\\/\"},\"sameAs\":[\"https:\\\/\\\/www.facebook.com\\\/nowbookitNBI\\\/\",\"https:\\\/\\\/www.instagram.com\\\/now_book_it\\\/\"]}]}<\/script>\n<!-- \/ Yoast SEO plugin. -->","yoast_head_json":{"title":"Int\u00e9grez avec Hubspot - Now Book It","description":"Maintenant, Book It et Hubspot s\u2019int\u00e8gre pour aider votre lieu \u00e0 rationaliser les op\u00e9rations, g\u00e9n\u00e9rer plus de revenus et cr\u00e9er de meilleures exp\u00e9riences.","robots":{"index":"index","follow":"follow","max-snippet":"max-snippet:-1","max-image-preview":"max-image-preview:large","max-video-preview":"max-video-preview:-1"},"canonical":"https:\/\/www.nowbookit.com\/fr-ca\/integrations\/integrez-avec-hubspot\/","og_locale":"fr_CA","og_type":"article","og_title":"Int\u00e9grez avec Hubspot - Now Book It","og_description":"Maintenant, Book It et Hubspot s\u2019int\u00e8gre pour aider votre lieu \u00e0 rationaliser les op\u00e9rations, g\u00e9n\u00e9rer plus de revenus et cr\u00e9er de meilleures exp\u00e9riences.","og_url":"https:\/\/www.nowbookit.com\/fr-ca\/integrations\/integrez-avec-hubspot\/","og_site_name":"Now Book It","article_publisher":"https:\/\/www.facebook.com\/nowbookitNBI\/","article_modified_time":"2026-03-26T16:51:57+00:00","og_image":[{"width":60,"height":60,"url":"https:\/\/www.nowbookit.com\/wp-content\/uploads\/2024\/12\/hubspot_detail_img.png","type":"image\/png"}],"twitter_card":"summary_large_image","twitter_misc":{"Estimation du temps de lecture":"1 minute"},"schema":{"@context":"https:\/\/schema.org","@graph":[{"@type":"WebPage","@id":"https:\/\/www.nowbookit.com\/fr-ca\/integrations\/integrez-avec-hubspot\/","url":"https:\/\/www.nowbookit.com\/fr-ca\/integrations\/integrez-avec-hubspot\/","name":"Int\u00e9grez avec Hubspot - Now Book It","isPartOf":{"@id":"https:\/\/www.nowbookit.com\/#website"},"primaryImageOfPage":{"@id":"https:\/\/www.nowbookit.com\/fr-ca\/integrations\/integrez-avec-hubspot\/#primaryimage"},"image":{"@id":"https:\/\/www.nowbookit.com\/fr-ca\/integrations\/integrez-avec-hubspot\/#primaryimage"},"thumbnailUrl":"https:\/\/www.nowbookit.com\/wp-content\/uploads\/2024\/12\/hubspot_detail_img.png","datePublished":"2026-03-26T16:51:55+00:00","dateModified":"2026-03-26T16:51:57+00:00","description":"Maintenant, Book It et Hubspot s\u2019int\u00e8gre pour aider votre lieu \u00e0 rationaliser les op\u00e9rations, g\u00e9n\u00e9rer plus de revenus et cr\u00e9er de meilleures exp\u00e9riences.","breadcrumb":{"@id":"https:\/\/www.nowbookit.com\/fr-ca\/integrations\/integrez-avec-hubspot\/#breadcrumb"},"inLanguage":"fr-CA","potentialAction":[{"@type":"ReadAction","target":["https:\/\/www.nowbookit.com\/fr-ca\/integrations\/integrez-avec-hubspot\/"]}]},{"@type":"ImageObject","inLanguage":"fr-CA","@id":"https:\/\/www.nowbookit.com\/fr-ca\/integrations\/integrez-avec-hubspot\/#primaryimage","url":"https:\/\/www.nowbookit.com\/wp-content\/uploads\/2024\/12\/hubspot_detail_img.png","contentUrl":"https:\/\/www.nowbookit.com\/wp-content\/uploads\/2024\/12\/hubspot_detail_img.png"},{"@type":"BreadcrumbList","@id":"https:\/\/www.nowbookit.com\/fr-ca\/integrations\/integrez-avec-hubspot\/#breadcrumb","itemListElement":[{"@type":"ListItem","position":1,"name":"Home","item":"https:\/\/www.nowbookit.com\/"},{"@type":"ListItem","position":2,"name":"Int\u00e9grations","item":"https:\/\/www.nowbookit.com\/fr-ca\/integrations\/"},{"@type":"ListItem","position":3,"name":"Int\u00e9grez avec Hubspot"}]},{"@type":"WebSite","@id":"https:\/\/www.nowbookit.com\/#website","url":"https:\/\/www.nowbookit.com\/","name":"Now Book It","description":"Restaurant Reservations and Table Bookings Made Easy","publisher":{"@id":"https:\/\/www.nowbookit.com\/#organization"},"potentialAction":[{"@type":"SearchAction","target":{"@type":"EntryPoint","urlTemplate":"https:\/\/www.nowbookit.com\/?s={search_term_string}"},"query-input":{"@type":"PropertyValueSpecification","valueRequired":true,"valueName":"search_term_string"}}],"inLanguage":"fr-CA"},{"@type":"Organization","@id":"https:\/\/www.nowbookit.com\/#organization","name":"Now Book It","url":"https:\/\/www.nowbookit.com\/","logo":{"@type":"ImageObject","inLanguage":"fr-CA","@id":"https:\/\/www.nowbookit.com\/#\/schema\/logo\/image\/","url":"https:\/\/www.nowbookit.com\/wp-content\/uploads\/2022\/09\/Now-Book-It-Logo-Full-Colour-Horizontal-1.png","contentUrl":"https:\/\/www.nowbookit.com\/wp-content\/uploads\/2022\/09\/Now-Book-It-Logo-Full-Colour-Horizontal-1.png","width":500,"height":143,"caption":"Now Book It"},"image":{"@id":"https:\/\/www.nowbookit.com\/#\/schema\/logo\/image\/"},"sameAs":["https:\/\/www.facebook.com\/nowbookitNBI\/","https:\/\/www.instagram.com\/now_book_it\/"]}]}},"_links":{"self":[{"href":"https:\/\/www.nowbookit.com\/fr-ca\/wp-json\/wp\/v2\/pages\/30499","targetHints":{"allow":["GET"]}}],"collection":[{"href":"https:\/\/www.nowbookit.com\/fr-ca\/wp-json\/wp\/v2\/pages"}],"about":[{"href":"https:\/\/www.nowbookit.com\/fr-ca\/wp-json\/wp\/v2\/types\/page"}],"author":[{"embeddable":true,"href":"https:\/\/www.nowbookit.com\/fr-ca\/wp-json\/wp\/v2\/users\/19"}],"replies":[{"embeddable":true,"href":"https:\/\/www.nowbookit.com\/fr-ca\/wp-json\/wp\/v2\/comments?post=30499"}],"version-history":[{"count":1,"href":"https:\/\/www.nowbookit.com\/fr-ca\/wp-json\/wp\/v2\/pages\/30499\/revisions"}],"predecessor-version":[{"id":30502,"href":"https:\/\/www.nowbookit.com\/fr-ca\/wp-json\/wp\/v2\/pages\/30499\/revisions\/30502"}],"up":[{"embeddable":true,"href":"https:\/\/www.nowbookit.com\/fr-ca\/wp-json\/wp\/v2\/pages\/29490"}],"wp:attachment":[{"href":"https:\/\/www.nowbookit.com\/fr-ca\/wp-json\/wp\/v2\/media?parent=30499"}],"curies":[{"name":"wp","href":"https:\/\/api.w.org\/{rel}","templated":true}]}}